{"id":200,"date":"2020-12-01T19:53:10","date_gmt":"2020-12-01T18:53:10","guid":{"rendered":"http:\/\/szendera.eu?page_id=200"},"modified":"2020-12-18T09:42:04","modified_gmt":"2020-12-18T08:42:04","slug":"atesty-na-antyposlizgowosc","status":"publish","type":"page","link":"http:\/\/szendera.eu\/index.php\/atesty-na-antyposlizgowosc\/","title":{"rendered":"ATESTY NA ANTYPO\u015aLIZGOWO\u015a\u0106"},"content":{"rendered":"<div id=\"themify_builder_content-200\" data-postid=\"200\" class=\"themify_builder_content themify_builder_content-200 themify_builder\">\n\n    \n\t\t<!-- module_row -->\n\t\t<div  class=\"themify_builder_row module_row clearfix fullheight fullwidth module_row_0 themify_builder_200_row module_row_200-0\" data-id=\"7c86db2\">\n\t\t\t\t\t\t<div class=\"row_inner col_align_top\" >\n                                    <div  class=\"module_column tb-column col-full first tb_200_column module_column_0 module_column_200-0-0\" data-id=\"02c13b7\" >\n                                                                <div class=\"tb-column-inner\">\n                                    <div  class=\"themify_builder_sub_row module_subrow clearfix sub_row_0-0-0\" data-id=\"fdb3607\" >\n\t\t                    <div class=\"subrow_inner col_align_top\" >\n                                       <div style=\"width:53.8183%;\" class=\"col4-2 col-full sub_column module_column first sub_column_post_200 sub_column_0-0-0-0\" > \n                                                              <div class=\"tb-column-inner\">\n                            \n\n<!-- module text -->\n<div  id=\"text-200-sub_row_0-0-0-0-0\" class=\"module module-text text-200-sub_row_0-0-0-0-0    \" data-id=\"33320da\">\n    <!--insert-->\n            <h3 class=\"module-title\">ATESTY NA ANTYPO\u015aLIZGOWO\u015a\u0106<\/h3>    \n        <div class=\"file_row\"><div class=\"file_row\"><a href=\"https:\/\/szendera.home.pl\/Storage\/Uploads\/files\/10\/atest-na-atyposlizgowosc.pdf\">atest_na_atyposlizgowosc.pdf<\/a><\/div><\/div>        <\/div>\n<!-- \/module text -->\n\n                        <\/div>\n                                   <\/div>\n\t\t               <div style=\"width:42.9824%;\" class=\"col4-2 sub_column module_column last sub_column_post_200 sub_column_0-0-0-1\"> \n                                                              <div class=\"tb-column-inner\">\n                            \n\n    <!-- module image -->\n    <div  id=\"image-200-sub_row_0-0-0-1-0\" class=\"module module-image image-200-sub_row_0-0-0-1-0  image-center   wow flash\" data-id=\"60629d1\">\n        <!--insert-->\n        \n        <div class=\"image-wrap\">\n                            <img decoding=\"async\" src=\"http:\/\/park.firmaszendera.pl\/wp-content\/uploads\/2020\/12\/IMG-20191112-WA0010.jpg\" width=\"500\" alt=\"ATESTY NA ANTYPO\u015aLIZGOWO\u015a\u0106\" \/>            \n                        <\/div>\n            <!-- \/image-wrap -->\n        \n        \n            <\/div>\n    <!-- \/module image -->\n\n                        <\/div>\n                                   <\/div>\n\t\t                    <\/div>\n                <\/div><!-- \/themify_builder_sub_row -->\n                                        <\/div>\n                    \t\t<\/div>\n\t\t                                <\/div>\n                                <!-- \/row_inner -->\n                        <\/div>\n                        <!-- \/module_row -->\n\t\t<\/div>\n","protected":false},"excerpt":{"rendered":"<p>ATESTY NA ANTYPO\u015aLIZGOWO\u015a\u0106 atest_na_atyposlizgowosc.pdf<\/p>\n","protected":false},"author":1,"featured_media":0,"parent":0,"menu_order":0,"comment_status":"closed","ping_status":"closed","template":"","meta":{"footnotes":""},"_links":{"self":[{"href":"http:\/\/szendera.eu\/index.php\/wp-json\/wp\/v2\/pages\/200"}],"collection":[{"href":"http:\/\/szendera.eu\/index.php\/wp-json\/wp\/v2\/pages"}],"about":[{"href":"http:\/\/szendera.eu\/index.php\/wp-json\/wp\/v2\/types\/page"}],"author":[{"embeddable":true,"href":"http:\/\/szendera.eu\/index.php\/wp-json\/wp\/v2\/users\/1"}],"replies":[{"embeddable":true,"href":"http:\/\/szendera.eu\/index.php\/wp-json\/wp\/v2\/comments?post=200"}],"version-history":[{"count":6,"href":"http:\/\/szendera.eu\/index.php\/wp-json\/wp\/v2\/pages\/200\/revisions"}],"predecessor-version":[{"id":1003,"href":"http:\/\/szendera.eu\/index.php\/wp-json\/wp\/v2\/pages\/200\/revisions\/1003"}],"wp:attachment":[{"href":"http:\/\/szendera.eu\/index.php\/wp-json\/wp\/v2\/media?parent=200"}],"curies":[{"name":"wp","href":"https:\/\/api.w.org\/{rel}","templated":true}]}}